{"id":3578,"date":"2026-03-30T17:26:33","date_gmt":"2026-03-30T15:26:33","guid":{"rendered":"https:\/\/paddockblade.nl\/?post_type=product&#038;p=3578"},"modified":"2026-03-30T17:31:27","modified_gmt":"2026-03-30T15:31:27","slug":"mistsammler-schwarz","status":"publish","type":"product","link":"https:\/\/paddockblade.nl\/de\/product\/manure-collector-black\/","title":{"rendered":"Mistsammler | Schwarz"},"content":{"rendered":"<p data-start=\"351\" data-end=\"985\">Wir pr\u00e4sentieren den NEUEN schwarzen Paddock Blade \u2013 den originalen europ\u00e4ischen Weidemistsammler, der Ihnen t\u00e4glich Zeit und M\u00fche spart. Gefertigt aus hochwertigem, lokal bezogenem britischem Stahl, ist dieser 45 kg schwere Mistsammler robust, zuverl\u00e4ssig und mit einer lebenslangen Garantie ausgestattet. Mit einem Fassungsverm\u00f6gen von 35 Litern (\u00fcber 3,5 Schubkarren) sammelt er m\u00fchelos Mist, Steine, \u00c4ste und organische Abf\u00e4lle auf ebenem, unebenem oder rauem Gel\u00e4nde. Er l\u00e4sst sich mit jedem ATV, Rasenm\u00e4her oder Kleinfahrzeug ziehen und dient gleichzeitig als Anh\u00e4nger f\u00fcr den Transport von Ballen, Futters\u00e4cken oder Holz bis zu 500 kg. Wartungsfrei und einfach zu bedienen \u2013 die optimale L\u00f6sung f\u00fcr eine saubere Weide.<\/p>","protected":false},"excerpt":{"rendered":"<p data-start=\"143\" data-end=\"304\">Der neue schwarze Paddock Blade vereint Leistung und Effizienz. Robust, wartungsfrei und langlebig \u2013 er macht die Paddockreinigung schneller, einfacher und deutlich weniger aufwendig.<\/p>","protected":false},"featured_media":3579,"template":"","meta":{"_acf_changed":false},"product_brand":[],"product_cat":[19],"product_tag":[],"class_list":{"0":"post-3578","1":"product","2":"type-product","3":"status-publish","4":"has-post-thumbnail","6":"product_cat-manure-collector","8":"first","9":"instock","10":"taxable","11":"shipping-taxable","12":"purchasable","13":"product-type-simple"},"acf":[],"jetpack_sharing_enabled":true,"_links":{"self":[{"href":"https:\/\/paddockblade.nl\/de\/wp-json\/wp\/v2\/product\/3578","targetHints":{"allow":["GET"]}}],"collection":[{"href":"https:\/\/paddockblade.nl\/de\/wp-json\/wp\/v2\/product"}],"about":[{"href":"https:\/\/paddockblade.nl\/de\/wp-json\/wp\/v2\/types\/product"}],"wp:featuredmedia":[{"embeddable":true,"href":"https:\/\/paddockblade.nl\/de\/wp-json\/wp\/v2\/media\/3579"}],"wp:attachment":[{"href":"https:\/\/paddockblade.nl\/de\/wp-json\/wp\/v2\/media?parent=3578"}],"wp:term":[{"taxonomy":"product_brand","embeddable":true,"href":"https:\/\/paddockblade.nl\/de\/wp-json\/wp\/v2\/product_brand?post=3578"},{"taxonomy":"product_cat","embeddable":true,"href":"https:\/\/paddockblade.nl\/de\/wp-json\/wp\/v2\/product_cat?post=3578"},{"taxonomy":"product_tag","embeddable":true,"href":"https:\/\/paddockblade.nl\/de\/wp-json\/wp\/v2\/product_tag?post=3578"}],"curies":[{"name":"wp","href":"https:\/\/api.w.org\/{rel}","templated":true}]}}