{"id":477,"date":"2025-09-26T13:28:19","date_gmt":"2025-09-26T11:28:19","guid":{"rendered":"https:\/\/paddockblade.nl\/?post_type=product&#038;p=477"},"modified":"2026-01-23T19:59:45","modified_gmt":"2026-01-23T18:59:45","slug":"gullesammler-neu-blau","status":"publish","type":"product","link":"https:\/\/paddockblade.nl\/de\/product\/manure-collector-new-blue\/","title":{"rendered":"G\u00fcllesammler | Blau"},"content":{"rendered":"<p data-start=\"346\" data-end=\"976\">Entdecken Sie den Paddock Blade G\u00fcllesammler in atemberaubendem NEUEM Blau - die schnellste, einfachste und effizienteste L\u00f6sung f\u00fcr die Reinigung von Pferdekoppeln. Dieses robuste, 45 kg schwere Ger\u00e4t wird in Gro\u00dfbritannien aus hochwertigem Stahl hergestellt und sammelt m\u00fchelos Mist, Steine, St\u00f6cke und organische Abf\u00e4lle. Er spart bis zu 70% Ihrer Reinigungszeit und erfordert dank seiner einfachen, montagefreien Bauweise keine Wartung. Mit einem Fassungsverm\u00f6gen von 35 Litern (mehr als 3,5 Schubkarren) und der M\u00f6glichkeit, Lasten von bis zu 500 kg zu transportieren, ist er mehr als nur ein G\u00fcllesammler. Der Paddock Blade kann mit jedem ATV, M\u00e4her oder Kleinfahrzeug gezogen werden und gibt Ihnen wertvolle Zeit zur\u00fcck, um Ihre Pferde zu genie\u00dfen.<\/p>","protected":false},"excerpt":{"rendered":"<p>Reinigen Sie Ihre Paddocks in Minuten, nicht in Stunden. Der Paddock Blade (NEW Blue) spart Zeit, M\u00fche und Energie mit einem langlebigen, wartungsfreien Design, das auf Langlebigkeit ausgelegt ist.<\/p>","protected":false},"featured_media":479,"template":"","meta":{"_acf_changed":false},"product_brand":[],"product_cat":[19],"product_tag":[],"class_list":{"0":"post-477","1":"product","2":"type-product","3":"status-publish","4":"has-post-thumbnail","6":"product_cat-manure-collector","8":"first","9":"instock","10":"taxable","11":"shipping-taxable","12":"purchasable","13":"product-type-simple"},"acf":[],"jetpack_sharing_enabled":true,"_links":{"self":[{"href":"https:\/\/paddockblade.nl\/de\/wp-json\/wp\/v2\/product\/477","targetHints":{"allow":["GET"]}}],"collection":[{"href":"https:\/\/paddockblade.nl\/de\/wp-json\/wp\/v2\/product"}],"about":[{"href":"https:\/\/paddockblade.nl\/de\/wp-json\/wp\/v2\/types\/product"}],"wp:featuredmedia":[{"embeddable":true,"href":"https:\/\/paddockblade.nl\/de\/wp-json\/wp\/v2\/media\/479"}],"wp:attachment":[{"href":"https:\/\/paddockblade.nl\/de\/wp-json\/wp\/v2\/media?parent=477"}],"wp:term":[{"taxonomy":"product_brand","embeddable":true,"href":"https:\/\/paddockblade.nl\/de\/wp-json\/wp\/v2\/product_brand?post=477"},{"taxonomy":"product_cat","embeddable":true,"href":"https:\/\/paddockblade.nl\/de\/wp-json\/wp\/v2\/product_cat?post=477"},{"taxonomy":"product_tag","embeddable":true,"href":"https:\/\/paddockblade.nl\/de\/wp-json\/wp\/v2\/product_tag?post=477"}],"curies":[{"name":"wp","href":"https:\/\/api.w.org\/{rel}","templated":true}]}}