{"id":489,"date":"2025-09-26T13:30:35","date_gmt":"2025-09-26T11:30:35","guid":{"rendered":"https:\/\/paddockblade.nl\/?post_type=product&#038;p=489"},"modified":"2026-03-30T13:04:02","modified_gmt":"2026-03-30T11:04:02","slug":"gullesammler-neu-grun","status":"publish","type":"product","link":"https:\/\/paddockblade.nl\/de\/product\/manure-collector-new-green\/","title":{"rendered":"G\u00fcllesammler | Gr\u00fcn"},"content":{"rendered":"<p data-start=\"341\" data-end=\"976\">Lernen Sie den Manure Collector in NEW Green kennen - den originalen europ\u00e4ischen Paddock Cleaner, der die Pflege von Paddocks einfach, schnell und effizient macht. Der Paddock Blade wird in Gro\u00dfbritannien aus lokalem Stahl hergestellt und ist f\u00fcr den t\u00e4glichen Einsatz auf ebenem, unebenem oder unwegsamem Gel\u00e4nde ausgelegt. Mit einem Gewicht von nur 45 kg l\u00e4sst er sich leicht mit jedem ATV, M\u00e4her oder Kleinfahrzeug ziehen und nimmt m\u00fchelos Dung, Steine, St\u00f6cke und organische Abf\u00e4lle auf. Mit einem Fassungsverm\u00f6gen von 35 Litern (mehr als 3,5 Schubkarren) und einer zul\u00e4ssigen Transportlast von 500 kg ist er mehr als nur ein G\u00fcllesammler - er ist ein vielseitiges Werkzeug f\u00fcr Ihren Garten. Er hat eine lebenslange Garantie und ist so gebaut, dass er lange h\u00e4lt und Ihnen Zeit spart.<\/p>","protected":false},"excerpt":{"rendered":"<p data-start=\"136\" data-end=\"294\">Halten Sie Ihre Paddocks mit dem NEUEN Green Paddock Blade makellos. Er ist robust, einfach zu bedienen und wartungsfrei - und spart jeden Tag Zeit, Energie und harte Arbeit.<\/p>","protected":false},"featured_media":210,"template":"","meta":{"_acf_changed":false},"product_brand":[],"product_cat":[19],"product_tag":[],"class_list":{"0":"post-489","1":"product","2":"type-product","3":"status-publish","4":"has-post-thumbnail","6":"product_cat-manure-collector","8":"first","9":"instock","10":"taxable","11":"shipping-taxable","12":"purchasable","13":"product-type-simple"},"acf":[],"jetpack_sharing_enabled":true,"_links":{"self":[{"href":"https:\/\/paddockblade.nl\/de\/wp-json\/wp\/v2\/product\/489","targetHints":{"allow":["GET"]}}],"collection":[{"href":"https:\/\/paddockblade.nl\/de\/wp-json\/wp\/v2\/product"}],"about":[{"href":"https:\/\/paddockblade.nl\/de\/wp-json\/wp\/v2\/types\/product"}],"wp:featuredmedia":[{"embeddable":true,"href":"https:\/\/paddockblade.nl\/de\/wp-json\/wp\/v2\/media\/210"}],"wp:attachment":[{"href":"https:\/\/paddockblade.nl\/de\/wp-json\/wp\/v2\/media?parent=489"}],"wp:term":[{"taxonomy":"product_brand","embeddable":true,"href":"https:\/\/paddockblade.nl\/de\/wp-json\/wp\/v2\/product_brand?post=489"},{"taxonomy":"product_cat","embeddable":true,"href":"https:\/\/paddockblade.nl\/de\/wp-json\/wp\/v2\/product_cat?post=489"},{"taxonomy":"product_tag","embeddable":true,"href":"https:\/\/paddockblade.nl\/de\/wp-json\/wp\/v2\/product_tag?post=489"}],"curies":[{"name":"wp","href":"https:\/\/api.w.org\/{rel}","templated":true}]}}