{"id":500,"date":"2025-09-26T13:32:44","date_gmt":"2025-09-26T11:32:44","guid":{"rendered":"https:\/\/paddockblade.nl\/?post_type=product&#038;p=500"},"modified":"2026-04-21T09:08:52","modified_gmt":"2026-04-21T07:08:52","slug":"gullesammler-neu-rosa","status":"publish","type":"product","link":"https:\/\/paddockblade.nl\/de\/product\/manure-collector-new-pink\/","title":{"rendered":"G\u00fcllesammler | Rosa"},"content":{"rendered":"<p data-start=\"357\" data-end=\"974\">Bringen Sie mit dem NEUEN Pink Paddock Blade einen Hauch von Farbe in Ihre Paddockpflege. Der originale europ\u00e4ische Paddock-Reiniger wurde entwickelt, um die Entmistung schneller, einfacher und weniger arbeitsintensiv zu machen. Dieser 45 kg schwere Sammelbeh\u00e4lter ist aus hochwertigem, lokal bezogenem britischen Stahl gefertigt, langlebig und robust und wird durch eine lebenslange Garantie unterst\u00fctzt. Mit einem Fassungsverm\u00f6gen von 35 Litern (das entspricht mehr als 3,5 Schubkarren) sammelt er m\u00fchelos Dung, Steine, St\u00f6cke und organische Abf\u00e4lle auf ebenem, unebenem oder unwegsamem Gel\u00e4nde ein. Er kann mit jedem ATV, M\u00e4her oder Kleinfahrzeug gezogen werden und l\u00e4sst sich sogar als Anh\u00e4nger f\u00fcr Lasten bis zu 500 kg verwenden.<\/p>","protected":false},"excerpt":{"rendered":"<p data-start=\"144\" data-end=\"310\">Heben Sie sich mit der NEUEN Pink Paddock Blade ab - stark, praktisch und elegant. Sparen Sie Zeit, M\u00fche und Energie und halten Sie Ihre Paddocks sauber und Ihre Pferde ges\u00fcnder.<\/p>","protected":false},"featured_media":211,"template":"","meta":{"_acf_changed":false},"product_brand":[],"product_cat":[19],"product_tag":[],"class_list":{"0":"post-500","1":"product","2":"type-product","3":"status-publish","4":"has-post-thumbnail","6":"product_cat-manure-collector","8":"first","9":"outofstock","10":"taxable","11":"shipping-taxable","12":"purchasable","13":"product-type-simple"},"acf":[],"jetpack_sharing_enabled":true,"_links":{"self":[{"href":"https:\/\/paddockblade.nl\/de\/wp-json\/wp\/v2\/product\/500","targetHints":{"allow":["GET"]}}],"collection":[{"href":"https:\/\/paddockblade.nl\/de\/wp-json\/wp\/v2\/product"}],"about":[{"href":"https:\/\/paddockblade.nl\/de\/wp-json\/wp\/v2\/types\/product"}],"wp:featuredmedia":[{"embeddable":true,"href":"https:\/\/paddockblade.nl\/de\/wp-json\/wp\/v2\/media\/211"}],"wp:attachment":[{"href":"https:\/\/paddockblade.nl\/de\/wp-json\/wp\/v2\/media?parent=500"}],"wp:term":[{"taxonomy":"product_brand","embeddable":true,"href":"https:\/\/paddockblade.nl\/de\/wp-json\/wp\/v2\/product_brand?post=500"},{"taxonomy":"product_cat","embeddable":true,"href":"https:\/\/paddockblade.nl\/de\/wp-json\/wp\/v2\/product_cat?post=500"},{"taxonomy":"product_tag","embeddable":true,"href":"https:\/\/paddockblade.nl\/de\/wp-json\/wp\/v2\/product_tag?post=500"}],"curies":[{"name":"wp","href":"https:\/\/api.w.org\/{rel}","templated":true}]}}