{"id":517,"date":"2025-09-26T13:35:46","date_gmt":"2025-09-26T11:35:46","guid":{"rendered":"https:\/\/paddockblade.nl\/?post_type=product&#038;p=517"},"modified":"2026-04-09T11:48:21","modified_gmt":"2026-04-09T09:48:21","slug":"gullesammler-neu-rot","status":"publish","type":"product","link":"https:\/\/paddockblade.nl\/de\/product\/manure-collector-new-red\/","title":{"rendered":"G\u00fcllesammler | Rot"},"content":{"rendered":"<p data-start=\"351\" data-end=\"985\">Wir stellen den NEUEN Red Paddock Blade vor - den originalen europ\u00e4ischen Paddock-Reiniger, mit dem Sie jeden Tag Zeit und M\u00fche sparen. Dieser 45 kg schwere G\u00fcllesammler aus hochwertigem britischem Stahl ist robust, zuverl\u00e4ssig und mit einer lebenslangen Garantie versehen. Mit einem Fassungsverm\u00f6gen von 35 Litern (mehr als 3,5 Schubkarren) sammelt er m\u00fchelos Dung, Steine, St\u00f6cke und organische Abf\u00e4lle in flachem, rauem oder unebenem Gel\u00e4nde ein. Er kann mit jedem ATV, M\u00e4her oder Kleinfahrzeug gezogen werden und dient auch als Anh\u00e4nger f\u00fcr den Transport von Ballen, Futters\u00e4cken oder Holz bis zu 500 kg. Er ist wartungsfrei und einfach zu bedienen - die beste L\u00f6sung f\u00fcr eine saubere Koppel.<\/p>","protected":false},"excerpt":{"rendered":"<p data-start=\"143\" data-end=\"304\">Mit dem NEUEN Red Paddock Blade trifft Leistung auf Effizienz. Robust, wartungsfrei und langlebig - so wird die Reinigung von Pferdekoppeln schneller, einfacher und mit weniger Arbeit verbunden.<\/p>","protected":false},"featured_media":213,"template":"","meta":{"_acf_changed":false},"product_brand":[],"product_cat":[19],"product_tag":[],"class_list":{"0":"post-517","1":"product","2":"type-product","3":"status-publish","4":"has-post-thumbnail","6":"product_cat-manure-collector","8":"first","9":"instock","10":"taxable","11":"shipping-taxable","12":"purchasable","13":"product-type-simple"},"acf":[],"jetpack_sharing_enabled":true,"_links":{"self":[{"href":"https:\/\/paddockblade.nl\/de\/wp-json\/wp\/v2\/product\/517","targetHints":{"allow":["GET"]}}],"collection":[{"href":"https:\/\/paddockblade.nl\/de\/wp-json\/wp\/v2\/product"}],"about":[{"href":"https:\/\/paddockblade.nl\/de\/wp-json\/wp\/v2\/types\/product"}],"wp:featuredmedia":[{"embeddable":true,"href":"https:\/\/paddockblade.nl\/de\/wp-json\/wp\/v2\/media\/213"}],"wp:attachment":[{"href":"https:\/\/paddockblade.nl\/de\/wp-json\/wp\/v2\/media?parent=517"}],"wp:term":[{"taxonomy":"product_brand","embeddable":true,"href":"https:\/\/paddockblade.nl\/de\/wp-json\/wp\/v2\/product_brand?post=517"},{"taxonomy":"product_cat","embeddable":true,"href":"https:\/\/paddockblade.nl\/de\/wp-json\/wp\/v2\/product_cat?post=517"},{"taxonomy":"product_tag","embeddable":true,"href":"https:\/\/paddockblade.nl\/de\/wp-json\/wp\/v2\/product_tag?post=517"}],"curies":[{"name":"wp","href":"https:\/\/api.w.org\/{rel}","templated":true}]}}