{"id":477,"date":"2025-09-26T13:28:19","date_gmt":"2025-09-26T11:28:19","guid":{"rendered":"https:\/\/paddockblade.nl\/?post_type=product&#038;p=477"},"modified":"2026-01-23T19:59:45","modified_gmt":"2026-01-23T18:59:45","slug":"recogedor-de-estiercol-nuevo-azul","status":"publish","type":"product","link":"https:\/\/paddockblade.nl\/es\/product\/manure-collector-new-blue\/","title":{"rendered":"Recogedor de esti\u00e9rcol | Azul"},"content":{"rendered":"<p data-start=\"346\" data-end=\"976\">Descubra el recogedor de esti\u00e9rcol Paddock Blade en un NUEVO e impresionante color azul: la soluci\u00f3n m\u00e1s r\u00e1pida, sencilla y eficaz para la limpieza de los prados. Fabricado con orgullo en Gran Breta\u00f1a a partir de acero de primera calidad, este robusto dise\u00f1o de 45 kg recoge esti\u00e9rcol, piedras, palos y residuos org\u00e1nicos con facilidad. Ahorra hasta 70% de su tiempo de limpieza y no requiere mantenimiento gracias a su construcci\u00f3n sencilla y sin necesidad de montaje. Con una capacidad de 35 litros (m\u00e1s de 3,5 carretillas) y la posibilidad de transportar cargas de hasta 500 kg, es m\u00e1s que un simple recogedor de esti\u00e9rcol. Remolcable con cualquier ATV, cortac\u00e9sped o veh\u00edculo peque\u00f1o, el Paddock Blade le devuelve un tiempo valioso para disfrutar de sus caballos.<\/p>","protected":false},"excerpt":{"rendered":"<p>Limpie sus prados en minutos, no en horas. El Paddock Blade (NUEVO azul) ahorra tiempo, esfuerzo y energ\u00eda con un dise\u00f1o duradero, libre de mantenimiento construido para durar.<\/p>","protected":false},"featured_media":479,"template":"","meta":{"_acf_changed":false},"product_brand":[],"product_cat":[19],"product_tag":[],"class_list":{"0":"post-477","1":"product","2":"type-product","3":"status-publish","4":"has-post-thumbnail","6":"product_cat-manure-collector","8":"first","9":"instock","10":"taxable","11":"shipping-taxable","12":"purchasable","13":"product-type-simple"},"acf":[],"jetpack_sharing_enabled":true,"_links":{"self":[{"href":"https:\/\/paddockblade.nl\/es\/wp-json\/wp\/v2\/product\/477","targetHints":{"allow":["GET"]}}],"collection":[{"href":"https:\/\/paddockblade.nl\/es\/wp-json\/wp\/v2\/product"}],"about":[{"href":"https:\/\/paddockblade.nl\/es\/wp-json\/wp\/v2\/types\/product"}],"wp:featuredmedia":[{"embeddable":true,"href":"https:\/\/paddockblade.nl\/es\/wp-json\/wp\/v2\/media\/479"}],"wp:attachment":[{"href":"https:\/\/paddockblade.nl\/es\/wp-json\/wp\/v2\/media?parent=477"}],"wp:term":[{"taxonomy":"product_brand","embeddable":true,"href":"https:\/\/paddockblade.nl\/es\/wp-json\/wp\/v2\/product_brand?post=477"},{"taxonomy":"product_cat","embeddable":true,"href":"https:\/\/paddockblade.nl\/es\/wp-json\/wp\/v2\/product_cat?post=477"},{"taxonomy":"product_tag","embeddable":true,"href":"https:\/\/paddockblade.nl\/es\/wp-json\/wp\/v2\/product_tag?post=477"}],"curies":[{"name":"wp","href":"https:\/\/api.w.org\/{rel}","templated":true}]}}