{"id":489,"date":"2025-09-26T13:30:35","date_gmt":"2025-09-26T11:30:35","guid":{"rendered":"https:\/\/paddockblade.nl\/?post_type=product&#038;p=489"},"modified":"2026-03-30T13:04:02","modified_gmt":"2026-03-30T11:04:02","slug":"recogedor-de-estiercol-nuevo-verde","status":"publish","type":"product","link":"https:\/\/paddockblade.nl\/es\/product\/manure-collector-new-green\/","title":{"rendered":"Recogedor de esti\u00e9rcol | Verde"},"content":{"rendered":"<p data-start=\"341\" data-end=\"976\">Conozca el recogedor de esti\u00e9rcol NEW Green, el limpiador de prados original europeo que hace que el mantenimiento de los prados sea sencillo, r\u00e1pido y eficaz. Orgullosamente fabricado en Gran Breta\u00f1a con acero de origen local, el Paddock Blade est\u00e1 dise\u00f1ado para soportar el uso diario en terrenos llanos, irregulares o accidentados. Con s\u00f3lo 45 kg, es f\u00e1cil de remolcar con cualquier ATV, cortac\u00e9sped o veh\u00edculo peque\u00f1o, recogiendo esti\u00e9rcol, piedras, palos y residuos org\u00e1nicos sin esfuerzo. Con una capacidad de 35 litros (m\u00e1s de 3,5 carretillas) y un l\u00edmite de carga de transporte de 500 kg, es m\u00e1s que un recogedor de esti\u00e9rcol: es una herramienta vers\u00e1til para su jard\u00edn. Respaldada por una garant\u00eda de por vida, est\u00e1 hecha para durar y ahorrarle tiempo.<\/p>","protected":false},"excerpt":{"rendered":"<p data-start=\"136\" data-end=\"294\">Mantenga sus prados impecables con la NUEVA Green Paddock Blade. Resistente, f\u00e1cil de usar y sin mantenimiento, ahorra tiempo, energ\u00eda y trabajo duro cada d\u00eda.<\/p>","protected":false},"featured_media":210,"template":"","meta":{"_acf_changed":false},"product_brand":[],"product_cat":[19],"product_tag":[],"class_list":{"0":"post-489","1":"product","2":"type-product","3":"status-publish","4":"has-post-thumbnail","6":"product_cat-manure-collector","8":"first","9":"instock","10":"taxable","11":"shipping-taxable","12":"purchasable","13":"product-type-simple"},"acf":[],"jetpack_sharing_enabled":true,"_links":{"self":[{"href":"https:\/\/paddockblade.nl\/es\/wp-json\/wp\/v2\/product\/489","targetHints":{"allow":["GET"]}}],"collection":[{"href":"https:\/\/paddockblade.nl\/es\/wp-json\/wp\/v2\/product"}],"about":[{"href":"https:\/\/paddockblade.nl\/es\/wp-json\/wp\/v2\/types\/product"}],"wp:featuredmedia":[{"embeddable":true,"href":"https:\/\/paddockblade.nl\/es\/wp-json\/wp\/v2\/media\/210"}],"wp:attachment":[{"href":"https:\/\/paddockblade.nl\/es\/wp-json\/wp\/v2\/media?parent=489"}],"wp:term":[{"taxonomy":"product_brand","embeddable":true,"href":"https:\/\/paddockblade.nl\/es\/wp-json\/wp\/v2\/product_brand?post=489"},{"taxonomy":"product_cat","embeddable":true,"href":"https:\/\/paddockblade.nl\/es\/wp-json\/wp\/v2\/product_cat?post=489"},{"taxonomy":"product_tag","embeddable":true,"href":"https:\/\/paddockblade.nl\/es\/wp-json\/wp\/v2\/product_tag?post=489"}],"curies":[{"name":"wp","href":"https:\/\/api.w.org\/{rel}","templated":true}]}}