{"id":500,"date":"2025-09-26T13:32:44","date_gmt":"2025-09-26T11:32:44","guid":{"rendered":"https:\/\/paddockblade.nl\/?post_type=product&#038;p=500"},"modified":"2026-04-21T09:08:52","modified_gmt":"2026-04-21T07:08:52","slug":"recogedor-de-estiercol-nuevo-rosa","status":"publish","type":"product","link":"https:\/\/paddockblade.nl\/es\/product\/manure-collector-new-pink\/","title":{"rendered":"Recogedor de esti\u00e9rcol | Rosa"},"content":{"rendered":"<p data-start=\"357\" data-end=\"974\">Aporte un toque de color al cuidado de su prado con el NUEVO Paddock Blade rosa. Como el limpiador de prados original de Europa, est\u00e1 dise\u00f1ado para que la recogida de esti\u00e9rcol sea m\u00e1s r\u00e1pida, sencilla y mucho menos laboriosa. Fabricado con acero brit\u00e1nico de primera calidad, este recogedor de 45 kg es duradero, robusto y est\u00e1 respaldado por una garant\u00eda de por vida. Con una capacidad de 35 litros (equivalente a m\u00e1s de 3,5 carretillas), recoge esti\u00e9rcol, piedras, palos y residuos org\u00e1nicos sin esfuerzo en terrenos llanos, irregulares o accidentados. Se puede remolcar con cualquier ATV, cortac\u00e9sped o veh\u00edculo peque\u00f1o, e incluso funciona como remolque para cargas de hasta 500 kg, ahorr\u00e1ndole tiempo cada d\u00eda.<\/p>","protected":false},"excerpt":{"rendered":"<p data-start=\"144\" data-end=\"310\">Destaque con la NUEVA pala de paddock rosa: resistente, pr\u00e1ctica y elegante. Ahorre tiempo, esfuerzo y energ\u00eda mientras mantiene sus prados limpios y sus caballos m\u00e1s sanos.<\/p>","protected":false},"featured_media":211,"template":"","meta":{"_acf_changed":false},"product_brand":[],"product_cat":[19],"product_tag":[],"class_list":{"0":"post-500","1":"product","2":"type-product","3":"status-publish","4":"has-post-thumbnail","6":"product_cat-manure-collector","8":"first","9":"outofstock","10":"taxable","11":"shipping-taxable","12":"purchasable","13":"product-type-simple"},"acf":[],"jetpack_sharing_enabled":true,"_links":{"self":[{"href":"https:\/\/paddockblade.nl\/es\/wp-json\/wp\/v2\/product\/500","targetHints":{"allow":["GET"]}}],"collection":[{"href":"https:\/\/paddockblade.nl\/es\/wp-json\/wp\/v2\/product"}],"about":[{"href":"https:\/\/paddockblade.nl\/es\/wp-json\/wp\/v2\/types\/product"}],"wp:featuredmedia":[{"embeddable":true,"href":"https:\/\/paddockblade.nl\/es\/wp-json\/wp\/v2\/media\/211"}],"wp:attachment":[{"href":"https:\/\/paddockblade.nl\/es\/wp-json\/wp\/v2\/media?parent=500"}],"wp:term":[{"taxonomy":"product_brand","embeddable":true,"href":"https:\/\/paddockblade.nl\/es\/wp-json\/wp\/v2\/product_brand?post=500"},{"taxonomy":"product_cat","embeddable":true,"href":"https:\/\/paddockblade.nl\/es\/wp-json\/wp\/v2\/product_cat?post=500"},{"taxonomy":"product_tag","embeddable":true,"href":"https:\/\/paddockblade.nl\/es\/wp-json\/wp\/v2\/product_tag?post=500"}],"curies":[{"name":"wp","href":"https:\/\/api.w.org\/{rel}","templated":true}]}}