{"id":590,"date":"2025-10-02T13:28:59","date_gmt":"2025-10-02T11:28:59","guid":{"rendered":"https:\/\/paddockblade.nl\/?post_type=product&#038;p=590"},"modified":"2026-01-23T20:05:06","modified_gmt":"2026-01-23T19:05:06","slug":"taquilla-de-aluminio-de-lujo","status":"publish","type":"product","link":"https:\/\/paddockblade.nl\/es\/product\/deluxe-aluminium-tack-locker\/","title":{"rendered":"Taquillas de aluminio de lujo grandes"},"content":{"rendered":"<p data-start=\"409\" data-end=\"1095\">En <strong data-start=\"413\" data-end=\"455\">Paddock Blade Taquillas grandes de lujo<\/strong> est\u00e1 dise\u00f1ado para satisfacer las demandas de los jinetes modernos que valoran la practicidad, la seguridad y el estilo. Fabricado a mano en el Reino Unido a partir de aluminio de calidad aeron\u00e1utica de primera calidad, este armario es fuerte, ligero y con recubrimiento en polvo para una m\u00e1xima durabilidad. Con un interior espacioso que incluye tres perchas ajustables para sillas de montar, un portabridas deslizante y mucho espacio para el equipo, mantiene todo organizado y protegido. Las ruedas giratorias de alta resistencia garantizan una movilidad suave por todos los terrenos, mientras que las cerraduras superior e inferior seguras con doble juego de llaves mantienen a salvo sus objetos de valor. Las opciones de personalizaci\u00f3n de la marca y su elegante acabado la convierten en la soluci\u00f3n profesional definitiva.<\/p>","protected":false},"excerpt":{"rendered":"<p data-start=\"166\" data-end=\"362\">Mejore su establo con el armario de aperos grande Deluxe, ligero, duradero y seguro. Fabricado en Gran Breta\u00f1a a partir de aluminio de calidad aeron\u00e1utica, ofrece almacenamiento inteligente, f\u00e1cil movilidad y estilo profesional.<\/p>","protected":false},"featured_media":596,"template":"","meta":{"_acf_changed":false},"product_brand":[],"product_cat":[20],"product_tag":[],"class_list":{"0":"post-590","1":"product","2":"type-product","3":"status-publish","4":"has-post-thumbnail","6":"product_cat-tack-locker","8":"first","9":"instock","10":"taxable","11":"shipping-taxable","12":"purchasable","13":"product-type-variable"},"acf":[],"jetpack_sharing_enabled":true,"_links":{"self":[{"href":"https:\/\/paddockblade.nl\/es\/wp-json\/wp\/v2\/product\/590","targetHints":{"allow":["GET"]}}],"collection":[{"href":"https:\/\/paddockblade.nl\/es\/wp-json\/wp\/v2\/product"}],"about":[{"href":"https:\/\/paddockblade.nl\/es\/wp-json\/wp\/v2\/types\/product"}],"wp:featuredmedia":[{"embeddable":true,"href":"https:\/\/paddockblade.nl\/es\/wp-json\/wp\/v2\/media\/596"}],"wp:attachment":[{"href":"https:\/\/paddockblade.nl\/es\/wp-json\/wp\/v2\/media?parent=590"}],"wp:term":[{"taxonomy":"product_brand","embeddable":true,"href":"https:\/\/paddockblade.nl\/es\/wp-json\/wp\/v2\/product_brand?post=590"},{"taxonomy":"product_cat","embeddable":true,"href":"https:\/\/paddockblade.nl\/es\/wp-json\/wp\/v2\/product_cat?post=590"},{"taxonomy":"product_tag","embeddable":true,"href":"https:\/\/paddockblade.nl\/es\/wp-json\/wp\/v2\/product_tag?post=590"}],"curies":[{"name":"wp","href":"https:\/\/api.w.org\/{rel}","templated":true}]}}