{"id":3578,"date":"2026-03-30T17:26:33","date_gmt":"2026-03-30T15:26:33","guid":{"rendered":"https:\/\/paddockblade.nl\/?post_type=product&#038;p=3578"},"modified":"2026-03-30T17:31:27","modified_gmt":"2026-03-30T15:31:27","slug":"collecteur-de-fumier-noir","status":"publish","type":"product","link":"https:\/\/paddockblade.nl\/fr\/product\/manure-collector-black\/","title":{"rendered":"Collecteur de fumier | Noir"},"content":{"rendered":"<p data-start=\"351\" data-end=\"985\">D\u00e9couvrez le NOUVEAU Paddock Blade noir \u2013 le ramasse-fumier europ\u00e9en d&#039;origine, con\u00e7u pour vous faire gagner du temps et de l&#039;\u00e9nergie au quotidien. Fabriqu\u00e9 en acier britannique de premi\u00e8re qualit\u00e9, d&#039;origine locale, ce ramasse-fumier de 45 kg est robuste, fiable et b\u00e9n\u00e9ficie d&#039;une garantie \u00e0 vie. Avec une capacit\u00e9 de 35 litres (plus de 3,5 brouettes), il ramasse facilement le fumier, les pierres, les branches et les d\u00e9chets organiques sur tous types de terrains, plats, accident\u00e9s ou vallonn\u00e9s. Tractable par tout quad, tondeuse ou petit v\u00e9hicule, il peut \u00e9galement servir de remorque pour transporter des balles de foin, des sacs d&#039;aliments ou du bois jusqu&#039;\u00e0 500 kg. Sans entretien et facile \u00e0 utiliser, c&#039;est la solution id\u00e9ale pour un p\u00e2turage impeccable.<\/p>","protected":false},"excerpt":{"rendered":"<p data-start=\"143\" data-end=\"304\">La puissance rencontre l&#039;efficacit\u00e9 avec la NOUVELLE Paddock Blade noire. Robuste, sans entretien et con\u00e7ue pour durer, elle rend le nettoyage des paddocks plus rapide, plus facile et beaucoup moins laborieux.<\/p>","protected":false},"featured_media":3579,"template":"","meta":{"_acf_changed":false},"product_brand":[],"product_cat":[19],"product_tag":[],"class_list":{"0":"post-3578","1":"product","2":"type-product","3":"status-publish","4":"has-post-thumbnail","6":"product_cat-manure-collector","8":"first","9":"instock","10":"taxable","11":"shipping-taxable","12":"purchasable","13":"product-type-simple"},"acf":[],"jetpack_sharing_enabled":true,"_links":{"self":[{"href":"https:\/\/paddockblade.nl\/fr\/wp-json\/wp\/v2\/product\/3578","targetHints":{"allow":["GET"]}}],"collection":[{"href":"https:\/\/paddockblade.nl\/fr\/wp-json\/wp\/v2\/product"}],"about":[{"href":"https:\/\/paddockblade.nl\/fr\/wp-json\/wp\/v2\/types\/product"}],"wp:featuredmedia":[{"embeddable":true,"href":"https:\/\/paddockblade.nl\/fr\/wp-json\/wp\/v2\/media\/3579"}],"wp:attachment":[{"href":"https:\/\/paddockblade.nl\/fr\/wp-json\/wp\/v2\/media?parent=3578"}],"wp:term":[{"taxonomy":"product_brand","embeddable":true,"href":"https:\/\/paddockblade.nl\/fr\/wp-json\/wp\/v2\/product_brand?post=3578"},{"taxonomy":"product_cat","embeddable":true,"href":"https:\/\/paddockblade.nl\/fr\/wp-json\/wp\/v2\/product_cat?post=3578"},{"taxonomy":"product_tag","embeddable":true,"href":"https:\/\/paddockblade.nl\/fr\/wp-json\/wp\/v2\/product_tag?post=3578"}],"curies":[{"name":"wp","href":"https:\/\/api.w.org\/{rel}","templated":true}]}}