{"id":477,"date":"2025-09-26T13:28:19","date_gmt":"2025-09-26T11:28:19","guid":{"rendered":"https:\/\/paddockblade.nl\/?post_type=product&#038;p=477"},"modified":"2026-01-23T19:59:45","modified_gmt":"2026-01-23T18:59:45","slug":"collecteur-de-fumier-nouveau-bleu","status":"publish","type":"product","link":"https:\/\/paddockblade.nl\/fr\/product\/manure-collector-new-blue\/","title":{"rendered":"Collecteur de fumier | Bleu"},"content":{"rendered":"<p data-start=\"346\" data-end=\"976\">D\u00e9couvrez le collecteur de fumier Paddock Blade en bleu NEW, la solution la plus rapide, la plus facile et la plus efficace pour le nettoyage des paddocks. Fi\u00e8rement fabriqu\u00e9 en Angleterre \u00e0 partir d'un acier de premi\u00e8re qualit\u00e9, ce mod\u00e8le robuste de 45 kg collecte facilement le fumier, les pierres, les b\u00e2tons et les d\u00e9chets organiques. Elle vous permet d'\u00e9conomiser jusqu'\u00e0 70% de temps de nettoyage et ne n\u00e9cessite aucun entretien gr\u00e2ce \u00e0 sa construction simple et sans assemblage. Avec une capacit\u00e9 de 35 litres (plus de 3,5 brouettes) et la possibilit\u00e9 de transporter des charges jusqu'\u00e0 500 kg, c'est bien plus qu'un simple ramasseur de fumier. Remorquable avec n'importe quel VTT, tondeuse ou petit v\u00e9hicule, le Paddock Blade vous redonne du temps pr\u00e9cieux pour profiter de vos chevaux.<\/p>","protected":false},"excerpt":{"rendered":"<p>Nettoyez vos enclos en quelques minutes, pas en quelques heures. La lame Paddock Blade (NEW Blue) permet d'\u00e9conomiser du temps, des efforts et de l'\u00e9nergie gr\u00e2ce \u00e0 sa conception durable, sans entretien, con\u00e7ue pour durer.<\/p>","protected":false},"featured_media":479,"template":"","meta":{"_acf_changed":false},"product_brand":[],"product_cat":[19],"product_tag":[],"class_list":{"0":"post-477","1":"product","2":"type-product","3":"status-publish","4":"has-post-thumbnail","6":"product_cat-manure-collector","8":"first","9":"instock","10":"taxable","11":"shipping-taxable","12":"purchasable","13":"product-type-simple"},"acf":[],"jetpack_sharing_enabled":true,"_links":{"self":[{"href":"https:\/\/paddockblade.nl\/fr\/wp-json\/wp\/v2\/product\/477","targetHints":{"allow":["GET"]}}],"collection":[{"href":"https:\/\/paddockblade.nl\/fr\/wp-json\/wp\/v2\/product"}],"about":[{"href":"https:\/\/paddockblade.nl\/fr\/wp-json\/wp\/v2\/types\/product"}],"wp:featuredmedia":[{"embeddable":true,"href":"https:\/\/paddockblade.nl\/fr\/wp-json\/wp\/v2\/media\/479"}],"wp:attachment":[{"href":"https:\/\/paddockblade.nl\/fr\/wp-json\/wp\/v2\/media?parent=477"}],"wp:term":[{"taxonomy":"product_brand","embeddable":true,"href":"https:\/\/paddockblade.nl\/fr\/wp-json\/wp\/v2\/product_brand?post=477"},{"taxonomy":"product_cat","embeddable":true,"href":"https:\/\/paddockblade.nl\/fr\/wp-json\/wp\/v2\/product_cat?post=477"},{"taxonomy":"product_tag","embeddable":true,"href":"https:\/\/paddockblade.nl\/fr\/wp-json\/wp\/v2\/product_tag?post=477"}],"curies":[{"name":"wp","href":"https:\/\/api.w.org\/{rel}","templated":true}]}}