{"id":500,"date":"2025-09-26T13:32:44","date_gmt":"2025-09-26T11:32:44","guid":{"rendered":"https:\/\/paddockblade.nl\/?post_type=product&#038;p=500"},"modified":"2026-03-30T13:04:39","modified_gmt":"2026-03-30T11:04:39","slug":"collecteur-de-fumier-nouveau-rose","status":"publish","type":"product","link":"https:\/\/paddockblade.nl\/fr\/product\/manure-collector-new-pink\/","title":{"rendered":"Ramasseur de fumier | Rose"},"content":{"rendered":"<p data-start=\"357\" data-end=\"974\">Apportez une touche de couleur \u00e0 l'entretien de vos paddocks avec le NOUVEAU Pink Paddock Blade. En tant que nettoyeur de paddock europ\u00e9en original, il est con\u00e7u pour rendre le ramassage du fumier plus rapide, plus facile et beaucoup moins exigeant en termes de main-d'\u0153uvre. Fabriqu\u00e9 en acier britannique de premi\u00e8re qualit\u00e9, ce collecteur de 45 kg est durable, robuste et couvert par une garantie \u00e0 vie. D'une capacit\u00e9 de 35 litres (soit plus de 3,5 brouettes), il ramasse le fumier, les pierres, les b\u00e2tons et les d\u00e9chets organiques sans effort sur les terrains plats, irr\u00e9guliers ou accident\u00e9s. Remorquable avec n'importe quel VTT, tondeuse ou petit v\u00e9hicule, il peut m\u00eame servir de remorque pour des charges allant jusqu'\u00e0 500 kg, ce qui vous permet de gagner du temps tous les jours.<\/p>","protected":false},"excerpt":{"rendered":"<p data-start=\"144\" data-end=\"310\">D\u00e9marquez-vous avec la NOUVELLE lame de paddock rose, solide, pratique et \u00e9l\u00e9gante. Gagnez du temps, des efforts et de l'\u00e9nergie tout en gardant vos paddocks propres et vos chevaux en meilleure sant\u00e9.<\/p>","protected":false},"featured_media":211,"template":"","meta":{"_acf_changed":false},"product_brand":[],"product_cat":[19],"product_tag":[],"class_list":{"0":"post-500","1":"product","2":"type-product","3":"status-publish","4":"has-post-thumbnail","6":"product_cat-manure-collector","8":"first","9":"instock","10":"taxable","11":"shipping-taxable","12":"purchasable","13":"product-type-simple"},"acf":[],"jetpack_sharing_enabled":true,"_links":{"self":[{"href":"https:\/\/paddockblade.nl\/fr\/wp-json\/wp\/v2\/product\/500","targetHints":{"allow":["GET"]}}],"collection":[{"href":"https:\/\/paddockblade.nl\/fr\/wp-json\/wp\/v2\/product"}],"about":[{"href":"https:\/\/paddockblade.nl\/fr\/wp-json\/wp\/v2\/types\/product"}],"wp:featuredmedia":[{"embeddable":true,"href":"https:\/\/paddockblade.nl\/fr\/wp-json\/wp\/v2\/media\/211"}],"wp:attachment":[{"href":"https:\/\/paddockblade.nl\/fr\/wp-json\/wp\/v2\/media?parent=500"}],"wp:term":[{"taxonomy":"product_brand","embeddable":true,"href":"https:\/\/paddockblade.nl\/fr\/wp-json\/wp\/v2\/product_brand?post=500"},{"taxonomy":"product_cat","embeddable":true,"href":"https:\/\/paddockblade.nl\/fr\/wp-json\/wp\/v2\/product_cat?post=500"},{"taxonomy":"product_tag","embeddable":true,"href":"https:\/\/paddockblade.nl\/fr\/wp-json\/wp\/v2\/product_tag?post=500"}],"curies":[{"name":"wp","href":"https:\/\/api.w.org\/{rel}","templated":true}]}}