{"id":517,"date":"2025-09-26T13:35:46","date_gmt":"2025-09-26T11:35:46","guid":{"rendered":"https:\/\/paddockblade.nl\/?post_type=product&#038;p=517"},"modified":"2026-04-09T11:48:21","modified_gmt":"2026-04-09T09:48:21","slug":"collecteur-de-fumier-nouveau-rouge","status":"publish","type":"product","link":"https:\/\/paddockblade.nl\/fr\/product\/manure-collector-new-red\/","title":{"rendered":"Collecteur de fumier | Rouge"},"content":{"rendered":"<p data-start=\"351\" data-end=\"985\">Voici le NOUVEAU Red Paddock Blade, le nettoyeur de paddock europ\u00e9en original con\u00e7u pour vous faire gagner du temps et vous \u00e9pargner des efforts chaque jour. Fabriqu\u00e9 en acier britannique de premi\u00e8re qualit\u00e9, ce ramasseur de fumier de 45 kg est robuste, fiable et couvert par une garantie \u00e0 vie. Avec une capacit\u00e9 de 35 litres (plus de 3,5 brouettes), il ramasse facilement le fumier, les pierres, les b\u00e2tons et les d\u00e9chets organiques sur les terrains plats, accident\u00e9s ou irr\u00e9guliers. Remorquable avec n'importe quel VTT, tondeuse ou petit v\u00e9hicule, elle peut \u00e9galement servir de remorque pour transporter des balles, des sacs de fourrage ou du bois jusqu'\u00e0 500 kg. Sans entretien et facile \u00e0 utiliser, c'est la solution la plus robuste pour un paddock plus propre.<\/p>","protected":false},"excerpt":{"rendered":"<p data-start=\"143\" data-end=\"304\">La puissance rencontre l'efficacit\u00e9 avec la NOUVELLE lame de paddock rouge. Robuste, sans entretien et con\u00e7ue pour durer, elle rend le nettoyage des paddocks plus rapide, plus facile et beaucoup moins p\u00e9nible.<\/p>","protected":false},"featured_media":213,"template":"","meta":{"_acf_changed":false},"product_brand":[],"product_cat":[19],"product_tag":[],"class_list":{"0":"post-517","1":"product","2":"type-product","3":"status-publish","4":"has-post-thumbnail","6":"product_cat-manure-collector","8":"first","9":"instock","10":"taxable","11":"shipping-taxable","12":"purchasable","13":"product-type-simple"},"acf":[],"jetpack_sharing_enabled":true,"_links":{"self":[{"href":"https:\/\/paddockblade.nl\/fr\/wp-json\/wp\/v2\/product\/517","targetHints":{"allow":["GET"]}}],"collection":[{"href":"https:\/\/paddockblade.nl\/fr\/wp-json\/wp\/v2\/product"}],"about":[{"href":"https:\/\/paddockblade.nl\/fr\/wp-json\/wp\/v2\/types\/product"}],"wp:featuredmedia":[{"embeddable":true,"href":"https:\/\/paddockblade.nl\/fr\/wp-json\/wp\/v2\/media\/213"}],"wp:attachment":[{"href":"https:\/\/paddockblade.nl\/fr\/wp-json\/wp\/v2\/media?parent=517"}],"wp:term":[{"taxonomy":"product_brand","embeddable":true,"href":"https:\/\/paddockblade.nl\/fr\/wp-json\/wp\/v2\/product_brand?post=517"},{"taxonomy":"product_cat","embeddable":true,"href":"https:\/\/paddockblade.nl\/fr\/wp-json\/wp\/v2\/product_cat?post=517"},{"taxonomy":"product_tag","embeddable":true,"href":"https:\/\/paddockblade.nl\/fr\/wp-json\/wp\/v2\/product_tag?post=517"}],"curies":[{"name":"wp","href":"https:\/\/api.w.org\/{rel}","templated":true}]}}