{"id":590,"date":"2025-10-02T13:28:59","date_gmt":"2025-10-02T11:28:59","guid":{"rendered":"https:\/\/paddockblade.nl\/?post_type=product&#038;p=590"},"modified":"2026-01-23T20:05:06","modified_gmt":"2026-01-23T19:05:06","slug":"coffre-a-sellerie-de-luxe-en-aluminium","status":"publish","type":"product","link":"https:\/\/paddockblade.nl\/fr\/product\/deluxe-aluminium-tack-locker\/","title":{"rendered":"Armoire \u00e0 outils de luxe en aluminium, grande"},"content":{"rendered":"<p data-start=\"409\" data-end=\"1095\">Le <strong data-start=\"413\" data-end=\"455\">Paddock Blade Grande armoire \u00e0 sellerie de luxe<\/strong> est con\u00e7u pour r\u00e9pondre aux exigences des cavaliers modernes qui appr\u00e9cient l'aspect pratique, la s\u00e9curit\u00e9 et le style. Fabriqu\u00e9 \u00e0 la main au Royaume-Uni \u00e0 partir d'aluminium de qualit\u00e9 a\u00e9ronautique, ce casier est solide, l\u00e9ger et rev\u00eatu d'une peinture en poudre pour une durabilit\u00e9 maximale. Avec un int\u00e9rieur spacieux dot\u00e9 de trois porte-selles r\u00e9glables, d'un porte-brides coulissant et de beaucoup d'espace pour le mat\u00e9riel, il permet de tout organiser et de tout prot\u00e9ger. Des roues pivotantes tr\u00e8s r\u00e9sistantes assurent une mobilit\u00e9 fluide sur tous les terrains, tandis que des serrures sup\u00e9rieures et inf\u00e9rieures s\u00e9curis\u00e9es avec deux jeux de cl\u00e9s prot\u00e8gent vos objets de valeur. Des options de marquage personnalis\u00e9es et une finition \u00e9l\u00e9gante en font la solution professionnelle ultime.<\/p>","protected":false},"excerpt":{"rendered":"<p data-start=\"166\" data-end=\"362\">Am\u00e9liorez votre \u00e9curie avec le grand casier de harnachement de luxe, l\u00e9ger, durable et s\u00fbr. Fabriqu\u00e9 en Grande-Bretagne \u00e0 partir d'aluminium de qualit\u00e9 a\u00e9ronautique, il offre un rangement intelligent, une mobilit\u00e9 facile et un style professionnel.<\/p>","protected":false},"featured_media":596,"template":"","meta":{"_acf_changed":false},"product_brand":[],"product_cat":[20],"product_tag":[],"class_list":{"0":"post-590","1":"product","2":"type-product","3":"status-publish","4":"has-post-thumbnail","6":"product_cat-tack-locker","8":"first","9":"instock","10":"taxable","11":"shipping-taxable","12":"purchasable","13":"product-type-variable"},"acf":[],"jetpack_sharing_enabled":true,"_links":{"self":[{"href":"https:\/\/paddockblade.nl\/fr\/wp-json\/wp\/v2\/product\/590","targetHints":{"allow":["GET"]}}],"collection":[{"href":"https:\/\/paddockblade.nl\/fr\/wp-json\/wp\/v2\/product"}],"about":[{"href":"https:\/\/paddockblade.nl\/fr\/wp-json\/wp\/v2\/types\/product"}],"wp:featuredmedia":[{"embeddable":true,"href":"https:\/\/paddockblade.nl\/fr\/wp-json\/wp\/v2\/media\/596"}],"wp:attachment":[{"href":"https:\/\/paddockblade.nl\/fr\/wp-json\/wp\/v2\/media?parent=590"}],"wp:term":[{"taxonomy":"product_brand","embeddable":true,"href":"https:\/\/paddockblade.nl\/fr\/wp-json\/wp\/v2\/product_brand?post=590"},{"taxonomy":"product_cat","embeddable":true,"href":"https:\/\/paddockblade.nl\/fr\/wp-json\/wp\/v2\/product_cat?post=590"},{"taxonomy":"product_tag","embeddable":true,"href":"https:\/\/paddockblade.nl\/fr\/wp-json\/wp\/v2\/product_tag?post=590"}],"curies":[{"name":"wp","href":"https:\/\/api.w.org\/{rel}","templated":true}]}}