{"id":477,"date":"2025-09-26T13:28:19","date_gmt":"2025-09-26T11:28:19","guid":{"rendered":"https:\/\/paddockblade.nl\/?post_type=product&#038;p=477"},"modified":"2026-01-23T19:59:45","modified_gmt":"2026-01-23T18:59:45","slug":"raccoglitore-di-letame-nuovo-blu","status":"publish","type":"product","link":"https:\/\/paddockblade.nl\/it\/product\/manure-collector-new-blue\/","title":{"rendered":"Raccoglitore di letame blu"},"content":{"rendered":"<p data-start=\"346\" data-end=\"976\">Scoprite il raccoglitore di letame Paddock Blade nella splendida tonalit\u00e0 NEW Blue, la soluzione pi\u00f9 rapida, semplice ed efficiente per la pulizia dei paddock. Realizzato in acciaio di prima qualit\u00e0, questo robusto modello da 45 kg raccoglie facilmente letame, pietre, bastoni e rifiuti organici. Risparmia fino a 70% del vostro tempo di pulizia e non richiede manutenzione grazie alla sua struttura semplice e non montabile. Con una capacit\u00e0 di 35 litri (oltre 3,5 carriole) e la capacit\u00e0 di trasportare carichi fino a 500 kg, \u00e8 pi\u00f9 di un semplice raccoglitore di letame. Trasportabile con qualsiasi ATV, tosaerba o piccolo veicolo, l'Paddock Blade vi restituisce tempo prezioso per godervi i vostri cavalli.<\/p>","protected":false},"excerpt":{"rendered":"<p>Pulite i vostri paddock in pochi minuti, non in ore. Il Paddock Blade (NEW Blue) consente di risparmiare tempo, fatica ed energia grazie a un design resistente e privo di manutenzione, costruito per durare nel tempo.<\/p>","protected":false},"featured_media":479,"template":"","meta":{"_acf_changed":false},"product_brand":[],"product_cat":[19],"product_tag":[],"class_list":{"0":"post-477","1":"product","2":"type-product","3":"status-publish","4":"has-post-thumbnail","6":"product_cat-manure-collector","8":"first","9":"instock","10":"taxable","11":"shipping-taxable","12":"purchasable","13":"product-type-simple"},"acf":[],"jetpack_sharing_enabled":true,"_links":{"self":[{"href":"https:\/\/paddockblade.nl\/it\/wp-json\/wp\/v2\/product\/477","targetHints":{"allow":["GET"]}}],"collection":[{"href":"https:\/\/paddockblade.nl\/it\/wp-json\/wp\/v2\/product"}],"about":[{"href":"https:\/\/paddockblade.nl\/it\/wp-json\/wp\/v2\/types\/product"}],"wp:featuredmedia":[{"embeddable":true,"href":"https:\/\/paddockblade.nl\/it\/wp-json\/wp\/v2\/media\/479"}],"wp:attachment":[{"href":"https:\/\/paddockblade.nl\/it\/wp-json\/wp\/v2\/media?parent=477"}],"wp:term":[{"taxonomy":"product_brand","embeddable":true,"href":"https:\/\/paddockblade.nl\/it\/wp-json\/wp\/v2\/product_brand?post=477"},{"taxonomy":"product_cat","embeddable":true,"href":"https:\/\/paddockblade.nl\/it\/wp-json\/wp\/v2\/product_cat?post=477"},{"taxonomy":"product_tag","embeddable":true,"href":"https:\/\/paddockblade.nl\/it\/wp-json\/wp\/v2\/product_tag?post=477"}],"curies":[{"name":"wp","href":"https:\/\/api.w.org\/{rel}","templated":true}]}}