{"id":500,"date":"2025-09-26T13:32:44","date_gmt":"2025-09-26T11:32:44","guid":{"rendered":"https:\/\/paddockblade.nl\/?post_type=product&#038;p=500"},"modified":"2026-04-21T09:08:52","modified_gmt":"2026-04-21T07:08:52","slug":"raccoglitore-di-letame-nuovo-rosa","status":"publish","type":"product","link":"https:\/\/paddockblade.nl\/it\/product\/manure-collector-new-pink\/","title":{"rendered":"Raccoglitore di letame - Rosa"},"content":{"rendered":"<p data-start=\"357\" data-end=\"974\">Date un tocco di colore alla cura del vostro paddock con il NUOVO Paddock Blade rosa. Come pulitore europeo originale per paddock, \u00e8 stato progettato per rendere la raccolta del letame pi\u00f9 veloce, pi\u00f9 facile e meno laboriosa. Costruito con acciaio di prima qualit\u00e0 di provenienza britannica, questo raccoglitore da 45 kg \u00e8 durevole, robusto e coperto da una garanzia a vita. Con una capacit\u00e0 di 35 litri (pari a oltre 3,5 carriole), raccoglie letame, pietre, bastoni e rifiuti organici senza fatica su terreni piani, irregolari o accidentati. Pu\u00f2 essere trainato da qualsiasi ATV, tosaerba o piccolo veicolo e pu\u00f2 anche fungere da rimorchio per carichi fino a 500 kg, facendovi risparmiare tempo ogni giorno.<\/p>","protected":false},"excerpt":{"rendered":"<p data-start=\"144\" data-end=\"310\">Distinguetevi con la NUOVA Lama per paddock rosa: forte, pratica ed elegante. Risparmiate tempo, fatica ed energia e mantenete i vostri paddock puliti e i vostri cavalli pi\u00f9 sani.<\/p>","protected":false},"featured_media":211,"template":"","meta":{"_acf_changed":false},"product_brand":[],"product_cat":[19],"product_tag":[],"class_list":{"0":"post-500","1":"product","2":"type-product","3":"status-publish","4":"has-post-thumbnail","6":"product_cat-manure-collector","8":"first","9":"outofstock","10":"taxable","11":"shipping-taxable","12":"purchasable","13":"product-type-simple"},"acf":[],"jetpack_sharing_enabled":true,"_links":{"self":[{"href":"https:\/\/paddockblade.nl\/it\/wp-json\/wp\/v2\/product\/500","targetHints":{"allow":["GET"]}}],"collection":[{"href":"https:\/\/paddockblade.nl\/it\/wp-json\/wp\/v2\/product"}],"about":[{"href":"https:\/\/paddockblade.nl\/it\/wp-json\/wp\/v2\/types\/product"}],"wp:featuredmedia":[{"embeddable":true,"href":"https:\/\/paddockblade.nl\/it\/wp-json\/wp\/v2\/media\/211"}],"wp:attachment":[{"href":"https:\/\/paddockblade.nl\/it\/wp-json\/wp\/v2\/media?parent=500"}],"wp:term":[{"taxonomy":"product_brand","embeddable":true,"href":"https:\/\/paddockblade.nl\/it\/wp-json\/wp\/v2\/product_brand?post=500"},{"taxonomy":"product_cat","embeddable":true,"href":"https:\/\/paddockblade.nl\/it\/wp-json\/wp\/v2\/product_cat?post=500"},{"taxonomy":"product_tag","embeddable":true,"href":"https:\/\/paddockblade.nl\/it\/wp-json\/wp\/v2\/product_tag?post=500"}],"curies":[{"name":"wp","href":"https:\/\/api.w.org\/{rel}","templated":true}]}}